{"id":2,"date":"2024-08-22T20:06:34","date_gmt":"2024-08-22T20:06:34","guid":{"rendered":"https:\/\/www.cristina-elena.com\/?page_id=2"},"modified":"2025-10-04T11:00:34","modified_gmt":"2025-10-04T11:00:34","slug":"pagina-exemplu","status":"publish","type":"page","link":"https:\/\/www.cristina-elena.com\/?page_id=2","title":{"rendered":"Despre mine &#8230;"},"content":{"rendered":"\n<figure class=\"wp-block-image size-full\"><img loading=\"lazy\" decoding=\"async\" width=\"349\" height=\"362\" src=\"https:\/\/www.cristina-elena.com\/wp-content\/uploads\/2025\/07\/dr.cristina-elena.jpg\" alt=\"\" class=\"wp-image-369\" srcset=\"https:\/\/www.cristina-elena.com\/wp-content\/uploads\/2025\/07\/dr.cristina-elena.jpg 349w, https:\/\/www.cristina-elena.com\/wp-content\/uploads\/2025\/07\/dr.cristina-elena-289x300.jpg 289w\" sizes=\"auto, (max-width: 349px) 100vw, 349px\" \/><\/figure>\n\n\n\n<h6 class=\"wp-block-heading\"><strong>Despre mine<\/strong><\/h6>\n\n\n\n<blockquote class=\"wp-block-quote is-layout-flow wp-block-quote-is-layout-flow\">\n<p>Sunt <strong>Cristina Elena<\/strong>, doctor \u00een \u0219tiin\u021be, specialist \u00een transformare personal\u0103, antreprenor, trainer, lifecoach \u0219i terapeut holistic cu form\u0103ri \u00een peste 15 terapii complementare. Dup\u0103 ce am combinat cercet\u0103rile \u0219tiin\u021bifice, fizica cuantic\u0103, cu toate form\u0103rile, experien\u021ba de via\u021b\u0103 \u0219i principiile legilor universale, <strong><em>am creat o metod\u0103 proprie de identificare a blocajelor la nivel mental, emo\u021bional \u0219i energetic pe linia vie\u021bii<\/em><\/strong>, <em><strong>eliberare<\/strong><\/em> \u0219i <em><strong>transcendere la nivelul urm\u0103tor<\/strong><\/em>, metod\u0103 pe care o aplic cu succes de peste 20 ani \u00een <strong><em>transformarea personal\u0103 din interior, care are ca rezultat schimbarea realit\u0103\u021bii din exterior<\/em><\/strong> \u00een perioade scurte de timp.<\/p>\n<\/blockquote>\n\n\n\n<blockquote class=\"wp-block-quote is-layout-flow wp-block-quote-is-layout-flow\">\n<p><\/p>\n<\/blockquote>\n\n\n\n<h6 class=\"wp-block-heading\"><strong>C\u0103l\u0103toria mea personal\u0103<\/strong><\/h6>\n\n\n\n<blockquote class=\"wp-block-quote is-layout-flow wp-block-quote-is-layout-flow\">\n<p>Pe plan personal, sunt <strong>mam\u0103 a 3 copii<\/strong>, pe care \u00eei cresc singur\u0103 \u00eenc\u0103 de c\u00e2nd eram \u00eens\u0103rcinat\u0103 \u00een 3 luni cu cel de-al treilea. Am 40 de ani \u0219i \u00eemi place s\u0103 citesc \u0219i <strong>s\u0103 c\u0103l\u0103toresc, at\u00e2t \u00een plan fizic c\u00e2t \u0219i \u00een plan energetic<\/strong> &#8211; <strong>pe linia vie\u021bii, \u00een arborele genealogic, \u00een c\u00e2mpul cuantic<\/strong>.<\/p>\n\n\n\n<p>\u00cenc\u0103 din copil\u0103rie, am fost fascinat\u0103 de dorin\u021ba de cunoa\u0219tere \u0219i explorare a parapsihologiei, fizicii cuantice, dezvolt\u0103rii personale \u0219i parentingului. Mi-am crescut surorile, veri\u0219orii, copiii care \u00eemi erau l\u0103sa\u021bi \u00een grij\u0103 de prietenii de familie \u0219i vecini, oferind astfel suport mamelor dep\u0103\u0219ite de situa\u021bie care ajungeau s\u0103 \u00eemi solicite ajutorul.<\/p>\n\n\n\n<p>Se pare c\u0103 am fost antrenat\u0103 \u00eenc\u0103 de mic\u0103 \u00een ceea ce avea s\u0103 fie <strong>c\u0103l\u0103toria mamei eroine<\/strong>, care m-a adus la ceea ce devenisem mai t\u00e2rziu \u00een propria casa \u0219i \u00een viziunea celorlal\u021bi. Am primit deodat\u0103 eticheta de <strong>mama eroin\u0103<\/strong>.<\/p>\n\n\n\n<p>Nu a fost u\u0219or s\u0103 m\u0103 trezesc peste noapte singur\u0103, mam\u0103 a 2 copii de 1 \u0219i 3 ani, \u00eens\u0103rcinat\u0103 cu al 3 lea. Nu era ceea ce visam s\u0103 devin, era doar ceea ce m\u0103 antrenasem s\u0103 fiu \u0219i r\u0103m\u0103sesem prins\u0103 acolo, cocre\u00e2nd situa\u021bii care s\u0103 \u00eemi confirme  \u0219i sus\u021bin\u0103 credin\u021bele, durerile \u0219i mecanismele de reu\u0219it\u0103 din trecut, a mea sau a altora, s\u0103 fac ceea ce \u0219tiam cel mai bine, s\u0103 preiau rolul altora, s\u0103 rezist \u0219i s\u0103 suport cu demnitate orice greu vine spre mine. <\/p>\n\n\n\n<p>\u0218i dac\u0103 nu a\u0219 fi avut toate experien\u021bele din spate, nu a\u0219 fi f\u0103cut fa\u021b\u0103 de una singur\u0103. Ast\u0103zi, sunt recunosc\u0103toare pentru tot ceea ce sunt \u0219i am devenit \u0219i pot s\u0103 te ghidez \u0219i pe tine \u00een acest spa\u021biu de recuno\u0219tin\u021b\u0103 \u0219i iubire necondi\u021bionat\u0103 pentru experien\u021bele din trecut care \u00ee\u021bi conduc via\u021ba, s\u0103 te eliberezi de persoanele, situa\u021biile, evenimentele care te scurg de energie \u0219i te \u00eempiedic\u0103 s\u0103 te bucuri de experien\u021ba vie\u021bii \u0219i s\u0103 fii rezervor de iubire \u0219i \u00een\u021belepciune pentru cei cu care interac\u021bionezi \u0219i al\u0103turi de care \u00ee\u021bi \u00eempline\u0219ti misiunea sufletului.<\/p>\n<\/blockquote>\n\n\n\n<h6 class=\"wp-block-heading\"><strong>Momentul transform\u0103rii<\/strong><\/h6>\n\n\n\n<blockquote class=\"wp-block-quote is-layout-flow wp-block-quote-is-layout-flow\">\n<p>Am \u00een\u021beles c\u0103 nu este despre a face ceva de una singur\u0103, ci mai degrab\u0103 despre a cunoa\u0219te ce din mine \u00eemi creaz\u0103 realitatea \u0219i cum atrag \u00een via\u021ba mea anumite persoane \u0219i experimentez \u00een ciclicitate acela\u0219i eveniment, \u0103n forme diferite. Situa\u021bii care, dac\u0103 nu sunt \u00een echilibru, uneori \u00eemi convin, alteori nu. De fapt, via\u021ba este mereu perfect\u0103 pentru mine, \u00een egal\u0103 m\u0103sur\u0103 bun\u0103 \u0219i rea &#8211; depinde \u00een ce pozi\u021bie sunt c\u00e2nd o experimentez \u0219i ce credin\u021be \u0219i experien\u021be m\u0103 sus\u021bin la acel nivel. Via\u021ba este perfect\u0103 \u0219i aliniat\u0103 cu versiunea dezechilibrat\u0103 cu care am fost for\u021ba\u021bi s\u0103 fim \u0219i nu cu misiunea noastr\u0103 \u0219i cine suntem cu adev\u0103rat. Purt\u0103m m\u0103\u0219ti \u0219i suntem cine ni s-a impus s\u0103 fim \u0219i asta doare.<\/p>\n\n\n\n<p>Primeam des \u00eentrebarea: <em><strong>\u201eCum reu\u0219e\u0219ti singur\u0103 cu 3 copii mici, c\u0103 eu abia fac fa\u021b\u0103 cu unul \u0219i am \u0219i so\u021b, bon\u0103 \u0219i bunici?&#8221;<\/strong><\/em><\/p>\n<\/blockquote>\n\n\n\n<h6 class=\"wp-block-heading\"><strong>Misiunea mea<\/strong><\/h6>\n\n\n\n<blockquote class=\"wp-block-quote is-layout-flow wp-block-quote-is-layout-flow\">\n<p>\u00cen acest sens, ascult, inspir, motivez, clarific \u0219i eliberez ce ai pe suflet pentru a te descoperi \u0219i a-\u021bi \u00een\u021belege via\u021ba, pentru a te alinia cu cine e\u0219ti la nivel de suflet, prin ghidare pe linia vie\u021bii, echilibrare \u0219i co-crearea unei noi versiuni care s\u0103 te serveasc\u0103 \u0219i s\u0103 te sus\u021bin\u0103 \u00een atingerea noilor obiective, pentru o via\u021b\u0103 diferit\u0103 de ceea ce \u021bi se \u00eent\u00e2mpl\u0103 p\u00e2n\u0103 ajungi la mine.<\/p>\n\n\n\n<p>Poate c\u0103 nu \u00eent\u00e2mpl\u0103tor ai ajuns aici \u0219i sufletele noastre \u0219i-au vorbit c\u00e2ndva s\u0103 ne re\u00eent\u00e2lnim pentru acest lucru. Cred cu t\u0103rie c\u0103 suntem mae\u0219tri unii \u00een via\u021ba altora \u0219i fiecare\u00eemparte din preaplinul lui, din darurile, abilit\u0103\u021bile \u0219i competen\u021bele lui pentru a fi contribu\u021bie la \u00eemplinirea misiunii celorlal\u021bi.  Suntem interconecta\u021bi \u0219i func\u021bion\u0103m \u00een colaborare cu ceilal\u021bi pentru a des\u0103v\u00e2r\u0219i m\u0103re\u021bia noastr\u0103.<\/p>\n\n\n\n<p>Dac\u0103 eu am putut, \u00eemi doresc s\u0103 po\u021bi \u0219i tu! \u0218i dac\u0103 \u00ee\u021bi dore\u0219ti \u0219i tu, sunt aici s\u0103 \u00ee\u021bi ar\u0103t cum, pentru c\u0103 am fost creat\u0103 \u0219i antrenat\u0103 \u00een acest sens, pentru c\u0103 onorez darurile \u0219i harurile primite, misiunea \u0219i contractele de suflete pe care le-am f\u0103cut ca s\u0103 ne revedem ast\u0103zi, aici \u0219i acum \u00een form\u0103 fizic\u0103.<\/p>\n<\/blockquote>\n","protected":false},"excerpt":{"rendered":"<p>Despre mine Sunt Cristina Elena, doctor \u00een \u0219tiin\u021be, specialist \u00een transformare personal\u0103, antreprenor, trainer, lifecoach \u0219i terapeut holistic cu form\u0103ri \u00een peste 15 terapii complementare. Dup\u0103 ce am combinat cercet\u0103rile \u0219tiin\u021bifice, fizica cuantic\u0103, cu toate form\u0103rile, experien\u021ba de via\u021b\u0103 \u0219i principiile legilor universale, am creat o metod\u0103 proprie de identificare a blocajelor la nivel mental, [&hellip;]<\/p>\n","protected":false},"author":1,"featured_media":276,"parent":0,"menu_order":0,"comment_status":"closed","ping_status":"open","template":"","meta":{"footnotes":""},"class_list":["post-2","page","type-page","status-publish","has-post-thumbnail","hentry"],"_links":{"self":[{"href":"https:\/\/www.cristina-elena.com\/index.php?rest_route=\/wp\/v2\/pages\/2","targetHints":{"allow":["GET"]}}],"collection":[{"href":"https:\/\/www.cristina-elena.com\/index.php?rest_route=\/wp\/v2\/pages"}],"about":[{"href":"https:\/\/www.cristina-elena.com\/index.php?rest_route=\/wp\/v2\/types\/page"}],"author":[{"embeddable":true,"href":"https:\/\/www.cristina-elena.com\/index.php?rest_route=\/wp\/v2\/users\/1"}],"replies":[{"embeddable":true,"href":"https:\/\/www.cristina-elena.com\/index.php?rest_route=%2Fwp%2Fv2%2Fcomments&post=2"}],"version-history":[{"count":11,"href":"https:\/\/www.cristina-elena.com\/index.php?rest_route=\/wp\/v2\/pages\/2\/revisions"}],"predecessor-version":[{"id":411,"href":"https:\/\/www.cristina-elena.com\/index.php?rest_route=\/wp\/v2\/pages\/2\/revisions\/411"}],"wp:featuredmedia":[{"embeddable":true,"href":"https:\/\/www.cristina-elena.com\/index.php?rest_route=\/wp\/v2\/media\/276"}],"wp:attachment":[{"href":"https:\/\/www.cristina-elena.com\/index.php?rest_route=%2Fwp%2Fv2%2Fmedia&parent=2"}],"curies":[{"name":"wp","href":"https:\/\/api.w.org\/{rel}","templated":true}]}}