{"id":346,"date":"2025-07-03T14:53:31","date_gmt":"2025-07-03T14:53:31","guid":{"rendered":"https:\/\/www.cristina-elena.com\/?page_id=346"},"modified":"2025-07-03T20:39:37","modified_gmt":"2025-07-03T20:39:37","slug":"contact","status":"publish","type":"page","link":"https:\/\/www.cristina-elena.com\/?page_id=346","title":{"rendered":"Contact"},"content":{"rendered":"\n<p>E-mail: <strong>dr.lifecoach.terapeut@gmail.com<\/strong><\/p>\n\n\n\n<p><strong>\u00cent\u00e2lniri fizice<\/strong>: <\/p>\n\n\n\n<blockquote class=\"wp-block-quote is-layout-flow wp-block-quote-is-layout-flow\">\n<p>\u00een cabinet la <strong>Ella Healing Center<\/strong> Ia\u0219i<\/p>\n<\/blockquote>\n\n\n\n<p><strong>Online<\/strong> <\/p>\n\n\n\n<blockquote class=\"wp-block-quote is-layout-flow wp-block-quote-is-layout-flow\">\n<p>\u0218edin\u021be prin videocall pe <strong>Zoom\/ Whatsapp\/Telegram\/Messenger<\/strong><\/p>\n<\/blockquote>\n\n\n\n<p><strong>Re\u021bele socializare<\/strong>:<\/p>\n\n\n\n<blockquote class=\"wp-block-quote is-layout-flow wp-block-quote-is-layout-flow\">\n<p>Facebook <a href=\"https:\/\/www.facebook.com\/groups\/3333970216830466\">https:\/\/www.facebook.com\/groups\/3333970216830466<\/a><\/p>\n\n\n\n<p>Instagram <a href=\"https:\/\/www.instagram.com\/dr.lifecoach.terapeut\/#\">dr.lifecoach.terapeut<\/a><\/p>\n\n\n\n<p>Tiktok  <a href=\"https:\/\/www.tiktok.com\/@dr.cristina.elena\">https:\/\/www.tiktok.com\/@dr.cristina.elena<\/a><\/p>\n<\/blockquote>\n\n\n\n<p><strong>Link de programare: <\/strong><a href=\"https:\/\/docs.google.com\/forms\/d\/e\/1FAIpQLScZKGuIgtk30j3eV63CReBHPc6pywMn1B1YKB6-QREUBkzM5w\/viewform\">https:\/\/docs.google.com\/forms\/d\/e\/1FAIpQLScZKGuIgtk30j3eV63CReBHPc6pywMn1B1YKB6-QREUBkzM5w\/viewform<\/a><\/p>\n\n\n\n<p><strong>Ia\u0219i, Rom\u00e2nia<\/strong><\/p>\n\n\n\n<p><\/p>\n","protected":false},"excerpt":{"rendered":"<p>E-mail: dr.lifecoach.terapeut@gmail.com \u00cent\u00e2lniri fizice: \u00een cabinet la Ella Healing Center Ia\u0219i Online \u0218edin\u021be prin videocall pe Zoom\/ Whatsapp\/Telegram\/Messenger Re\u021bele socializare: Facebook https:\/\/www.facebook.com\/groups\/3333970216830466 Instagram dr.lifecoach.terapeut Tiktok https:\/\/www.tiktok.com\/@dr.cristina.elena Link de programare: https:\/\/docs.google.com\/forms\/d\/e\/1FAIpQLScZKGuIgtk30j3eV63CReBHPc6pywMn1B1YKB6-QREUBkzM5w\/viewform Ia\u0219i, Rom\u00e2nia<\/p>\n","protected":false},"author":1,"featured_media":0,"parent":0,"menu_order":0,"comment_status":"closed","ping_status":"closed","template":"","meta":{"footnotes":""},"class_list":["post-346","page","type-page","status-publish","hentry"],"_links":{"self":[{"href":"https:\/\/www.cristina-elena.com\/index.php?rest_route=\/wp\/v2\/pages\/346","targetHints":{"allow":["GET"]}}],"collection":[{"href":"https:\/\/www.cristina-elena.com\/index.php?rest_route=\/wp\/v2\/pages"}],"about":[{"href":"https:\/\/www.cristina-elena.com\/index.php?rest_route=\/wp\/v2\/types\/page"}],"author":[{"embeddable":true,"href":"https:\/\/www.cristina-elena.com\/index.php?rest_route=\/wp\/v2\/users\/1"}],"replies":[{"embeddable":true,"href":"https:\/\/www.cristina-elena.com\/index.php?rest_route=%2Fwp%2Fv2%2Fcomments&post=346"}],"version-history":[{"count":5,"href":"https:\/\/www.cristina-elena.com\/index.php?rest_route=\/wp\/v2\/pages\/346\/revisions"}],"predecessor-version":[{"id":398,"href":"https:\/\/www.cristina-elena.com\/index.php?rest_route=\/wp\/v2\/pages\/346\/revisions\/398"}],"wp:attachment":[{"href":"https:\/\/www.cristina-elena.com\/index.php?rest_route=%2Fwp%2Fv2%2Fmedia&parent=346"}],"curies":[{"name":"wp","href":"https:\/\/api.w.org\/{rel}","templated":true}]}}