{"id":353,"date":"2025-07-03T16:20:56","date_gmt":"2025-07-03T16:20:56","guid":{"rendered":"https:\/\/www.cristina-elena.com\/?page_id=353"},"modified":"2025-08-05T13:40:25","modified_gmt":"2025-08-05T13:40:25","slug":"produse","status":"publish","type":"page","link":"https:\/\/www.cristina-elena.com\/?page_id=353","title":{"rendered":"Servicii \u0219i produse"},"content":{"rendered":"\n<h4 class=\"wp-block-heading\"><strong>\u0218edin\u021be<\/strong> online sau la cabinet:<\/h4>\n\n\n\n<p><strong>\u0218edin\u021be terapie individual\u0103<\/strong> (1 or\u0103)<\/p>\n\n\n\n<p><strong>Identificare \u0219i claritate blocaj <\/strong>pe linia vie\u021bii (2 ore)<\/p>\n\n\n\n<p><strong>\u0218edin\u021b\u0103 coaching<\/strong> pentru atingere obiectiv (4 ore)<\/p>\n\n\n\n<p><strong>Interpretare simbolistic\u0103 \u0219i energetic\u0103<\/strong> (30 min)<\/p>\n\n\n\n<p><strong>Citire intuitiv\u0103<\/strong> \u00een c\u00e2mpul energetic (30 min)<\/p>\n\n\n\n<p><strong>Mentorat de GRUP<\/strong> s\u0103pt\u0103m\u00e2nal (<em>ghidare zilnic\u0103 &#8211; live<\/em>: L, S)<\/p>\n\n\n\n<p><strong>Program transforma\u021bional<\/strong> 4 luni (15 \u0219edin\u021be 1:1 + Bonusuri)<\/p>\n\n\n\n<p><strong>Retreat <\/strong>de weekend, \u00een Ia\u0219i, Rom\u00e2nia (S\/D 10:00 &#8211; 18:00)<\/p>\n\n\n\n<p><strong>Genogram\u0103 <\/strong>pe arborele genealogic (60 min)<\/p>\n\n\n\n<p>Echilibrare \u0219i transcendere cu <strong>Legile Universale<\/strong> (120 min)<\/p>\n\n\n\n<p>Terapii individuale prin <strong>ThetaHealing<\/strong> (90 min)<\/p>\n\n\n\n<p>Cur\u0103\u021b\u0103ri energetice prin <strong>BiofieldHealing<\/strong> (30 min)<\/p>\n\n\n\n<p>Lucru pe boli \u0219i afec\u021biuni prin <strong>RechallHealing<\/strong> (90 min)<\/p>\n\n\n\n<p><strong>Deblocare \u0219i cur\u0103\u021bare energetic\u0103<\/strong> (120 min)<\/p>\n\n\n\n<p>Schimbare \u0219i restructurare <strong>mindset<\/strong> (60 min)<\/p>\n\n\n\n<p><strong>Trainner \u0219i formator<\/strong> (colabor\u0103ri pentru cursuri la cerere)<\/p>\n\n\n\n<p><strong>Aliniere cu misiunea personal\u0103<\/strong> (21 zile)<\/p>\n\n\n\n<p><strong>Claritate \u0219i eliberare de traum\u0103<\/strong> (120 min)<\/p>\n\n\n\n<p><\/p>\n\n\n\n<h4 class=\"wp-block-heading\"><strong>Produse:<\/strong><\/h4>\n\n\n\n<h4 class=\"wp-block-heading\"><strong>Agend\u0103 de lucru<\/strong>:<\/h4>\n\n\n\n<h6 class=\"wp-block-heading\">La cerere &#8211; <strong>Agend\u0103 de lucru personalizat\u0103*<\/strong> pe situa\u021bia ta<\/h6>\n\n\n\n<blockquote class=\"wp-block-quote is-layout-flow wp-block-quote-is-layout-flow\">\n<p><strong>*<\/strong><em>doar dup\u0103 o \u0219edin\u021b\u0103 de consultan\u021b\u0103 \u00een care stabilesc ce \u021bi se potrive\u0219te, nu realizez agend\u0103 dup\u0103 p\u0103reri \u0219i sugestii personale sau sfaturi pe care le-ai primit de la al\u021bii.<\/em><\/p>\n<\/blockquote>\n\n\n\n<h6 class=\"wp-block-heading\"><strong>Ghidul Femeii \u00eemputernicite<\/strong> &#8211; Transformare din cine trebuie s\u0103 fiu \u00een femeia care sunt!<\/h6>\n\n\n\n<figure class=\"wp-block-image size-large\"><img loading=\"lazy\" decoding=\"async\" width=\"1024\" height=\"944\" src=\"https:\/\/www.cristina-elena.com\/wp-content\/uploads\/2025\/07\/1751556871-1024x944.jpg\" alt=\"\" class=\"wp-image-354\" srcset=\"https:\/\/www.cristina-elena.com\/wp-content\/uploads\/2025\/07\/1751556871-1024x944.jpg 1024w, https:\/\/www.cristina-elena.com\/wp-content\/uploads\/2025\/07\/1751556871-300x277.jpg 300w, https:\/\/www.cristina-elena.com\/wp-content\/uploads\/2025\/07\/1751556871-768x708.jpg 768w, https:\/\/www.cristina-elena.com\/wp-content\/uploads\/2025\/07\/1751556871.jpg 1500w\" sizes=\"auto, (max-width: 1024px) 100vw, 1024px\" \/><\/figure>\n\n\n\n<h6 class=\"wp-block-heading\"><strong>AGENDA RECUNO\u0218TIN\u021aEI<\/strong> &#8211; Pe ce pui focus amplifici \u00een via\u021ba ta!<\/h6>\n\n\n\n<figure class=\"wp-block-image size-large\"><img loading=\"lazy\" decoding=\"async\" width=\"1024\" height=\"944\" src=\"https:\/\/www.cristina-elena.com\/wp-content\/uploads\/2025\/07\/1751557886-1024x944.jpg\" alt=\"\" class=\"wp-image-356\" srcset=\"https:\/\/www.cristina-elena.com\/wp-content\/uploads\/2025\/07\/1751557886-1024x944.jpg 1024w, https:\/\/www.cristina-elena.com\/wp-content\/uploads\/2025\/07\/1751557886-300x277.jpg 300w, https:\/\/www.cristina-elena.com\/wp-content\/uploads\/2025\/07\/1751557886-768x708.jpg 768w, https:\/\/www.cristina-elena.com\/wp-content\/uploads\/2025\/07\/1751557886.jpg 1500w\" sizes=\"auto, (max-width: 1024px) 100vw, 1024px\" \/><\/figure>\n\n\n\n<h6 class=\"wp-block-heading\"><strong>C\u0103l\u0103torie c\u0103rte sine <\/strong>&#8211; Popasuri \u00een interior<\/h6>\n\n\n\n<figure class=\"wp-block-image size-large\"><img loading=\"lazy\" decoding=\"async\" width=\"1024\" height=\"944\" src=\"https:\/\/www.cristina-elena.com\/wp-content\/uploads\/2025\/07\/1751570311-1024x944.jpg\" alt=\"\" class=\"wp-image-371\" srcset=\"https:\/\/www.cristina-elena.com\/wp-content\/uploads\/2025\/07\/1751570311-1024x944.jpg 1024w, https:\/\/www.cristina-elena.com\/wp-content\/uploads\/2025\/07\/1751570311-300x277.jpg 300w, https:\/\/www.cristina-elena.com\/wp-content\/uploads\/2025\/07\/1751570311-768x708.jpg 768w, https:\/\/www.cristina-elena.com\/wp-content\/uploads\/2025\/07\/1751570311.jpg 1500w\" sizes=\"auto, (max-width: 1024px) 100vw, 1024px\" \/><\/figure>\n\n\n\n<h6 class=\"wp-block-heading\"><strong>Jurnal de autocunoa\u0219tere<\/strong> &#8211; \u00centoarce-te la tine c\u00e2nd nu mai \u0219tii cine e\u0219ti!<\/h6>\n\n\n\n<figure class=\"wp-block-image size-large\"><img loading=\"lazy\" decoding=\"async\" width=\"1024\" height=\"944\" src=\"https:\/\/www.cristina-elena.com\/wp-content\/uploads\/2025\/07\/1751558827-1024x944.jpg\" alt=\"\" class=\"wp-image-358\" srcset=\"https:\/\/www.cristina-elena.com\/wp-content\/uploads\/2025\/07\/1751558827-1024x944.jpg 1024w, https:\/\/www.cristina-elena.com\/wp-content\/uploads\/2025\/07\/1751558827-300x277.jpg 300w, https:\/\/www.cristina-elena.com\/wp-content\/uploads\/2025\/07\/1751558827-768x708.jpg 768w, https:\/\/www.cristina-elena.com\/wp-content\/uploads\/2025\/07\/1751558827.jpg 1500w\" sizes=\"auto, (max-width: 1024px) 100vw, 1024px\" \/><\/figure>\n\n\n\n<h6 class=\"wp-block-heading\"><strong>La cerere*<\/strong><\/h6>\n\n\n\n<blockquote class=\"wp-block-quote is-layout-flow wp-block-quote-is-layout-flow\">\n<p><strong>*<\/strong><em>Medita\u021biile le <strong>\u00eenregistrez personalizat <\/strong>doar dup\u0103 o \u0219edin\u021b\u0103 de consultan\u021b\u0103 \u00een care <strong>stabilim ce este optim \u0219i oportun \u00een situa\u021bia dat\u0103<\/strong>. Nu recomand s\u0103 ascul\u021bi medita\u021bii care au fost create pentru alte persoane, fiecare are o situa\u021bie diferit\u0103, provoc\u0103ri diferite, energie diferit\u0103<\/em>, karm\u0103 \u0219i dharm\u0103 diferit\u0103.<\/p>\n<\/blockquote>\n\n\n\n<blockquote class=\"wp-block-quote is-layout-flow wp-block-quote-is-layout-flow\">\n<p><strong>Medita\u021bie de eliberare, cur\u0103\u021bare \u0219i salt cuantic<\/strong> din ciclicit\u0103\u021bi<\/p>\n\n\n\n<p><strong>Medita\u021bie de cur\u0103\u021bare a p\u00e2ntecului<\/strong> \u0219i creare a spa\u021biului de primire a copilului<\/p>\n\n\n\n<p><strong>Medita\u021bie de eliberare \u0219i divor\u021b energetic<\/strong><\/p>\n\n\n\n<p><strong>Medita\u021bie de activare a iubirii \u0219i stimei de sine<\/strong><\/p>\n\n\n\n<p><strong>Medita\u021bie personalizat\u0103 <\/strong>pe situa\u021bie specific\u0103<\/p>\n<\/blockquote>\n\n\n\n<p><\/p>\n\n\n\n<p><\/p>\n\n\n\n<p><strong>Workshopuri<\/strong> \u00eenregistrate:<\/p>\n\n\n\n<blockquote class=\"wp-block-quote is-layout-flow wp-block-quote-is-layout-flow\">\n<p>Aliniere energetic\u0103 pe chakre <\/p>\n\n\n\n<p>Eliberare \u0219i transcendere <strong>momente de<\/strong> <strong>vinov\u0103\u021bie<\/strong><\/p>\n\n\n\n<p>Eliberare \u0219i transcendere momente de <strong>ru\u0219ine<\/strong><\/p>\n\n\n\n<p>Eliberare \u0219i transcendere momente <strong>de supunere<\/strong><\/p>\n\n\n\n<p>Eliberare \u0219i transcendere momente de <strong>fric\u0103<\/strong><\/p>\n\n\n\n<p><strong>\u00cemp\u0103care \u0219i acceptarea pierderii unei persoane dragi<\/strong><\/p>\n\n\n\n<p>Renun\u021barea la lupt\u0103. Integrare, acceptare \u0219i <strong>pace interioar\u0103 <\/strong><\/p>\n<\/blockquote>\n\n\n\n<p><\/p>\n","protected":false},"excerpt":{"rendered":"<p>\u0218edin\u021be online sau la cabinet: \u0218edin\u021be terapie individual\u0103 (1 or\u0103) Identificare \u0219i claritate blocaj pe linia vie\u021bii (2 ore) \u0218edin\u021b\u0103 coaching pentru atingere obiectiv (4 ore) Interpretare simbolistic\u0103 \u0219i energetic\u0103 (30 min) Citire intuitiv\u0103 \u00een c\u00e2mpul energetic (30 min) Mentorat de GRUP s\u0103pt\u0103m\u00e2nal (ghidare zilnic\u0103 &#8211; live: L, S) Program transforma\u021bional 4 luni (15 \u0219edin\u021be [&hellip;]<\/p>\n","protected":false},"author":1,"featured_media":0,"parent":0,"menu_order":0,"comment_status":"closed","ping_status":"closed","template":"","meta":{"footnotes":""},"class_list":["post-353","page","type-page","status-publish","hentry"],"_links":{"self":[{"href":"https:\/\/www.cristina-elena.com\/index.php?rest_route=\/wp\/v2\/pages\/353","targetHints":{"allow":["GET"]}}],"collection":[{"href":"https:\/\/www.cristina-elena.com\/index.php?rest_route=\/wp\/v2\/pages"}],"about":[{"href":"https:\/\/www.cristina-elena.com\/index.php?rest_route=\/wp\/v2\/types\/page"}],"author":[{"embeddable":true,"href":"https:\/\/www.cristina-elena.com\/index.php?rest_route=\/wp\/v2\/users\/1"}],"replies":[{"embeddable":true,"href":"https:\/\/www.cristina-elena.com\/index.php?rest_route=%2Fwp%2Fv2%2Fcomments&post=353"}],"version-history":[{"count":14,"href":"https:\/\/www.cristina-elena.com\/index.php?rest_route=\/wp\/v2\/pages\/353\/revisions"}],"predecessor-version":[{"id":404,"href":"https:\/\/www.cristina-elena.com\/index.php?rest_route=\/wp\/v2\/pages\/353\/revisions\/404"}],"wp:attachment":[{"href":"https:\/\/www.cristina-elena.com\/index.php?rest_route=%2Fwp%2Fv2%2Fmedia&parent=353"}],"curies":[{"name":"wp","href":"https:\/\/api.w.org\/{rel}","templated":true}]}}